{"id":432,"date":"2017-10-20T15:59:19","date_gmt":"2017-10-20T13:59:19","guid":{"rendered":"https:\/\/www.kasematte.it\/impressum\/"},"modified":"2017-10-23T16:25:23","modified_gmt":"2017-10-23T14:25:23","slug":"colophon","status":"publish","type":"page","link":"https:\/\/www.kasematte.it\/it\/colophon\/","title":{"rendered":"Colophon"},"content":{"rendered":"\n<style type=\"text\/css\" data-created_by=\"avia_inline_auto\" id=\"style-css-av-av_two_fifth-c17e1715e1ff236585d6075f4db382bb\">\n.flex_column.av-av_two_fifth-c17e1715e1ff236585d6075f4db382bb{\n-webkit-border-radius:0px 0px 0px 0px;\n-moz-border-radius:0px 0px 0px 0px;\nborder-radius:0px 0px 0px 0px;\npadding:100px 0px 0px 0px;\n}\n<\/style>\n<div class='flex_column av-av_two_fifth-c17e1715e1ff236585d6075f4db382bb av_two_fifth  avia-builder-el-0  el_before_av_three_fifth  avia-builder-el-first  first flex_column_div av-hide-on-mobile '     ><style type=\"text\/css\" data-created_by=\"avia_inline_auto\" id=\"style-css-av-av_image-4df6a6b3567d58be004e83aa3647bad0\">\n.avia-image-container.av-av_image-4df6a6b3567d58be004e83aa3647bad0 img.avia_image{\nbox-shadow:none;\n}\n.avia-image-container.av-av_image-4df6a6b3567d58be004e83aa3647bad0 .av-image-caption-overlay-center{\ncolor:#ffffff;\n}\n<\/style>\n<div  class='avia-image-container av-av_image-4df6a6b3567d58be004e83aa3647bad0 av-styling- avia_animated_image av-animated-when-visible-95 fade-in avia-align-  avia-builder-el-1  avia-builder-el-no-sibling '   itemprop=\"image\" itemscope=\"itemscope\" itemtype=\"https:\/\/schema.org\/ImageObject\" ><div class=\"avia-image-container-inner\"><div class=\"avia-image-overlay-wrap\"><a href=\"https:\/\/www.kasematte.it\/bunkerforum-kasematte-suedtirol\/\" class='avia_image' ><img class='wp-image-159 avia-img-lazy-loading-not-159 avia_image ' src=\"https:\/\/www.kasematte.it\/wp-content\/uploads\/2017\/08\/kasematte-bunkerforum_logo-4.png\" alt='' title='kasematte-bunkerforum_logo'  height=\"367\" width=\"600\"  itemprop=\"thumbnailUrl\" srcset=\"https:\/\/www.kasematte.it\/wp-content\/uploads\/2017\/08\/kasematte-bunkerforum_logo-4.png 600w, https:\/\/www.kasematte.it\/wp-content\/uploads\/2017\/08\/kasematte-bunkerforum_logo-4-300x184.png 300w, https:\/\/www.kasematte.it\/wp-content\/uploads\/2017\/08\/kasematte-bunkerforum_logo-4-450x275.png 450w\" sizes=\"(max-width: 600px) 100vw, 600px\" \/><\/a><\/div><\/div><\/div><\/div>\n\n<style type=\"text\/css\" data-created_by=\"avia_inline_auto\" id=\"style-css-av-av_three_fifth-00bd00fe503e5b00a8e642ec13e95a19\">\n.flex_column.av-av_three_fifth-00bd00fe503e5b00a8e642ec13e95a19{\n-webkit-border-radius:0px 0px 0px 0px;\n-moz-border-radius:0px 0px 0px 0px;\nborder-radius:0px 0px 0px 0px;\npadding:80px 0px 0px 0px;\n}\n<\/style>\n<div class='flex_column av-av_three_fifth-00bd00fe503e5b00a8e642ec13e95a19 av_three_fifth  avia-builder-el-2  el_after_av_two_fifth  el_before_av_section  avia-builder-el-last  flex_column_div '     ><p>\n<style type=\"text\/css\" data-created_by=\"avia_inline_auto\" id=\"style-css-av-av_hr-ed8c162fc7899a52a90905fca088f1e9\">\n#top .hr.hr-invisible.av-av_hr-ed8c162fc7899a52a90905fca088f1e9{\nheight:60px;\n}\n<\/style>\n<div  class='hr av-av_hr-ed8c162fc7899a52a90905fca088f1e9 hr-invisible  avia-builder-el-3  el_before_av_textblock  avia-builder-el-first  av-mini-hide'><span class='hr-inner '><span class=\"hr-inner-style\"><\/span><\/span><\/div><br \/>\n<section  class='av_textblock_section av-av_textblock-2de302bf1aa3cf4c9157dbe6f50ac7eb'  itemscope=\"itemscope\" itemtype=\"https:\/\/schema.org\/CreativeWork\" ><div class='avia_textblock'  itemprop=\"text\" ><p><strong>Responsabile per il contenuto:<\/strong><\/p>\n<p>Associazione bunkerforum KASEMATTE<br \/>\nPresidente: Erwin Seppi<br \/>\nI-39012 MERANO (BZ)<br \/>\nPortici 75<br \/>\nEmail: <a href=\"mailto:mail@kasematte.it\">mail\u00a0[at] kasematte.it<\/a><br \/>\nCod. Fisc.: 02873240218<\/p>\n<\/div><\/section><\/p><\/div>\n<\/div><\/div><\/div><!-- close content main div --><\/div><\/div><div id='av_section_1'  class='avia-section av-av_section-84b430bde95882bcaa9335acb0d59c34 alternate_color avia-section-default avia-no-border-styling  avia-builder-el-5  el_after_av_three_fifth  avia-builder-el-last  avia-bg-style-scroll container_wrap fullsize'  ><div class='container av-section-cont-open' ><div class='template-page content  av-content-full alpha units'><div class='post-entry post-entry-type-page post-entry-432'><div class='entry-content-wrapper clearfix'>\n\n<style type=\"text\/css\" data-created_by=\"avia_inline_auto\" id=\"style-css-av-av_textblock-586e525e8b2f90af96d78819b81aa3fa\">\n#top .av_textblock_section.av-av_textblock-586e525e8b2f90af96d78819b81aa3fa .avia_textblock{\nfont-size:15px;\n}\n<\/style>\n<section  class='av_textblock_section av-av_textblock-586e525e8b2f90af96d78819b81aa3fa'  itemscope=\"itemscope\" itemtype=\"https:\/\/schema.org\/CreativeWork\" ><div class='avia_textblock'  itemprop=\"text\" ><p><strong>CONCETTO &amp; DESIGN:<\/strong><br \/>\nandale grafic ohg. d. Ortner A.\u00a0&amp; Duschek\u00a0P. &#8211; I-39012 MERANO (BZ) &#8211; vicolo Passiria, 2\/A<br \/>\nTel. +39 0473 690989 &#8211; Email: <a href=\"mailto:office@andale.info\">office [at] andale.info<\/a>\u00a0&#8211; Web: <a href=\"https:\/\/andale.info\" target=\"_blank\" rel=\"noopener\">andale.info<\/a><\/p>\n<p><strong>COPYRIGHT:<\/strong><br \/>\nI diritti d\u2019autore dei contenuti del sito web dell&#8217;associazione bunkerforum kasematte sono protetti. Tutti gli elementi dell\u2019interfaccia grafica e le immagini che non siano gi\u00e0 protette dal diritto d\u2019autore \u2013 \u00e8 di propriet\u00e0 e copyright dell&#8217;associazione bunkerforum kasematte La riproduzione di informazioni, soprattutto l\u2019utilizzo di immagini o testi necessita della previa autorizzazione dell&#8217;associazione bunkerforum kasematte<\/p>\n<p><strong>FONTE IMMAGINI:<\/strong><br \/>\nassociazione bunkerforum kasematte &amp; artisti<\/p>\n<p><strong>ESCLUSIONE DI RESPONSABILIT\u00c0:<\/strong><br \/>\nL&#8217;associazione bunkerforum kasematte \u00e8 impegnata a provvedere alla correttezza delle informazioni contenute nel presente sito web. Comunque non si garantisce per l\u2019attualit\u00e0, correttezza e completezza delle informazioni rese a disposizione. Inoltre, l&#8217;associazione bunkerforum kasematte non \u00e8 responsabile per il contenuto dei siti esterni connessi tramite hyperlink. l&#8217;associazione bunkerforum kasematte si riserva il diritto di cambiare o completare le informazioni rese a disposizione senza preavviso.<\/p>\n<p><strong>PRIVACY:<\/strong><br \/>\nI dati personali forniti verranno utilizzati esclusivamente per l\u2019evasione delle vostre richieste e non saranno comunicati a terzi (ai sensi dell\u2019art. 13 del decreto legislativo n. 196 del 30 giugno 2003 e successive modifiche ed integrazioni, in materia di trattamento di dati personali). Prendiamo le distanze da ogni pratica pubblicitaria che comporti spamming e cerchiamo di evitare l\u2019invio involontario o inutile di mail.<\/p>\n<p><strong>TITOLARE DEL TRATTAMENTO:<\/strong><br \/>\nIl titolare del trattamento dei dati \u00e8 l&#8217;associazione bunkerforum kasematte, presidente Erwin Seppi con sede in Portici 75, 39012 Merano nella persona del suo Rappresentante Legale.<\/p>\n<p><strong>ESCLUSIONE DI RESPONSABILIT\u00c0:<\/strong><br \/>\nL&#8217;associazione bunkerforum kasematte non sar\u00e0 responsabile per il trattamento di dati personali effettuato da soggetti terzi ai quali sono stati comunicati i dati.<\/p>\n<p><strong>GOOGLE ANALYTICS:<\/strong><br \/>\nQuesta pagina internet utilizza Google Analytics, un servizio di analisi del web della Google Inc. (\u201cGoogle\u201d). Questo programma utilizza i cosiddetti \u201ccookies\u201d, file di testo che vengono memorizzati sul vostro computer e che consentono di analizzare l\u2019utilizzo della pagina internet. Le informazioni relative alla pagina web generate dai cookie (incluso il vostro indirizzo IP) vengono trasmesse ad un server di Google e memorizzate. Google usa tali informazioni per verificare in quale modo la pagina web sia stata consultata, per redigere rapporti sulle attivit\u00e0 degli utilizzatori del web da inoltrare ai gestori internet e per offrire altri servizi legati all\u2019utilizzo delle pagine web e di internet. Queste informazioni vengono eventualmente inoltrate da Google anche a terzi, sempre nel rispetto della normativa vigente e qualora tali dati vengano elaborati da terzi per conto di Google. In ogni caso Google non collegher\u00e0 i vostri indirizzi IP ad altri dati Google. \u00c8 possibile evitare l\u2019installazione dei cookie impostando opportunamente il vostro browser; in tal caso non saranno del tutto accessibili le funzionalit\u00e0 della pagina web. Utilizzando questa pagina web dichiarate il vostro consenso al trattamento dei vostri dati personali da parte di Google nei modi e per gli scopi citati sopra.<\/p>\n<p><strong>COSA SONO I COOKIES?<\/strong><br \/>\nI cookies sono piccoli file di testo che vengono salvati sul tuo computer quando visiti determinati siti internet.<br \/>\nPer questo sito e relativi sotto-domini utilizziamo cookies, chiedendone il consenso all\u2019utente ove la legge o i regolamenti applicabili lo prevedano, per agevolare la navigazione e personalizzare le informazioni rivolte all\u2019utente. Utilizziamo inoltre sistemi simili per raccogliere informazioni sugli utenti, quali ad esempio indirizzo IP, tipo di browser e sistema operativo utilizzato e\/o pagine web visitate da un utente, per finalit\u00e0 statistiche o di sicurezza. Ti informiamo che se deciderai di disabilitare o rifiutare i cookies alcune parti del sito e relativi sotto-domini potrebbero essere inaccessibili o non funzionare correttamente. Pertanto per un utilizzo agevolato e completo di questo sito sarebbe opportuno che l\u2019utente configurasse il proprio browser in modo che accetti la ricezione di tali cookies. I cookies non sono dannosi per il tuo computer, tablet o smartphone. Nei cookies generati da questo sito non vengono conservate informazioni identificative personali ma solo informazioni criptate.<\/p>\n<p>Questo sito e relativi sotto-domini utilizzano i seguenti cookies:<br \/>\nCOOKIES DI NAVIGAZIONE\u2013 Questi cookies sono fondamentali per permetterti di navigare sul sito e utilizzare le sue funzionalit\u00e0. Senza cookies \u00e8 possibile che alcune funzionalit\u00e0 non siano accessibili o non funzionino correttamente.<br \/>\nI cookies strettamente necessari sono utilizzati per memorizzare un identificatore al fine di individuare l\u2019utente in modo unico rispetto ad altri utenti, in modo da fornire all\u2019utente un servizio coerente e preciso.<\/p>\n<p>PERFORMANCE COOKIES \u2013 Questi cookies possono essere nostri o di partner, di sessione o persistenti. Il loro utilizzo \u00e8 limitato alla performance e al miglioramento del sito. Questi cookies non raccolgono informazioni che possono identificare l\u2019utente. Tutte le informazioni raccolte da questi cookies sono aggregate in forma anonima e sono utilizzate solo per migliorare la funzionalit\u00e0 del sito.<\/p>\n<p>COOKIES FUNZIONALI \u2013 I cookies solitamente sono conseguenti ad un\u2019azione dell\u2019utente, ma possono essere anche implementati nella fornitura di un servizio, non esplicitamente richiesto, ma offerto all\u2019utente. Possono essere inoltre utilizzati per evitare di offrire nuovamente ad uno specifico utente un servizio gi\u00e0 proposto. Inoltre, questi cookies permettono al sito di tenere traccia delle scelte dell\u2019utente. Le informazioni raccolte da questi cookies sono anonime e non possono ricondurre il comportamento dell\u2019utente su altri siti.<\/p>\n<p>COOKIES DI TERZE PARTI PER MARKETING\/RETARGETING \u2013 Questi cookies sono utilizzati da partner di questo sito e relativi sotto-domini, al fine di proporre nostri messaggi pubblicitari quando visiti altri siti, mostrando ad esempio gli ultimi prodotti che hai visualizzato sul sito. Questi cookies possono essere utilizzati anche per mostrare prodotti che potrebbero interessarti o simili a quelli che hai visualizzato precedentemente. L\u2019uso di questi cookies non implica il trattamento di dati personali, ma pu\u00f2 consentire la connessione al browser installato sul tuo computer o su altri dispositivi utilizzati durante la navigazione.<\/p>\n<p>COME DISABILITARE I COOKIES \u2013 Le norme sulla protezione dei dati personali prevedono che l\u2019utente possa disabilitare cookies gi\u00e0 somministrati (\u201copt-out\u201d). L\u2019opt-out \u00e8 previsto per i cosiddetti \u201ccookies tecnici\u201d (art.122 del Codice della Privacy), nonch\u00e9 per i cookies che non rientrino tra i \u201ccookies tecnici\u201d precedentemente accettati (\u201copt-in\u201d) dall\u2019utente. In forza di tale distinzione,l\u2019utente potr\u00e0 procedere alla disabilitazione e\/o cancellazione dei cookies (\u201copt-out\u201d) mediante le relative impostazioni del proprio browser e alla disabilitazione e\/o cancellazione dei singoli cookies non \u201ctecnici\u201d somministrati dalle terze parti accedendo al sito web gestito da European Interactive Digital Advertising Alliance all\u2019indirizzo\u00a0<a href=\"http:\/\/www.youronlinechoices.eu\" target=\"_blank\" rel=\"noopener\">www.youronlinechoices.eu<\/a><\/p>\n<\/div><\/section>\n\n","protected":false},"excerpt":{"rendered":"","protected":false},"author":1,"featured_media":397,"parent":0,"menu_order":0,"comment_status":"closed","ping_status":"closed","template":"","meta":[],"_links":{"self":[{"href":"https:\/\/www.kasematte.it\/it\/wp-json\/wp\/v2\/pages\/432"}],"collection":[{"href":"https:\/\/www.kasematte.it\/it\/wp-json\/wp\/v2\/pages"}],"about":[{"href":"https:\/\/www.kasematte.it\/it\/wp-json\/wp\/v2\/types\/page"}],"author":[{"embeddable":true,"href":"https:\/\/www.kasematte.it\/it\/wp-json\/wp\/v2\/users\/1"}],"replies":[{"embeddable":true,"href":"https:\/\/www.kasematte.it\/it\/wp-json\/wp\/v2\/comments?post=432"}],"version-history":[{"count":0,"href":"https:\/\/www.kasematte.it\/it\/wp-json\/wp\/v2\/pages\/432\/revisions"}],"wp:featuredmedia":[{"embeddable":true,"href":"https:\/\/www.kasematte.it\/it\/wp-json\/wp\/v2\/media\/397"}],"wp:attachment":[{"href":"https:\/\/www.kasematte.it\/it\/wp-json\/wp\/v2\/media?parent=432"}],"curies":[{"name":"wp","href":"https:\/\/api.w.org\/{rel}","templated":true}]}}